{"id":5302,"date":"2024-07-23T08:49:27","date_gmt":"2024-07-23T08:49:27","guid":{"rendered":"https:\/\/www.dragonet.es\/politica-de-cookies-ue\/"},"modified":"2025-08-07T10:22:41","modified_gmt":"2025-08-07T10:22:41","slug":"politica-de-cookies-ue","status":"publish","type":"page","link":"https:\/\/www.dragonet.es\/en\/politica-de-cookies-ue","title":{"rendered":"Pol\u00edtica de cookies (UE)"},"content":{"rendered":"<div data-elementor-type=\"wp-page\" data-elementor-id=\"5302\" class=\"elementor elementor-5302\" data-elementor-post-type=\"page\">\n\t\t\t\t<div class=\"elementor-element elementor-element-061fb62 e-grid e-con-boxed e-con e-parent\" data-id=\"061fb62\" data-element_type=\"container\" data-e-type=\"container\">\n\t\t\t\t\t<div class=\"e-con-inner\">\n\t\t\t\t\t<\/div>\n\t\t\t\t<\/div>\n\t\t<div class=\"elementor-element elementor-element-d790b9d e-grid e-con-boxed e-con e-parent\" data-id=\"d790b9d\" data-element_type=\"container\" data-e-type=\"container\">\n\t\t\t\t\t<div class=\"e-con-inner\">\n\t\t\t\t<div class=\"elementor-element elementor-element-50255ad elementor-widget elementor-widget-spacer\" data-id=\"50255ad\" data-element_type=\"widget\" data-e-type=\"widget\" data-widget_type=\"spacer.default\">\n\t\t\t\t<div class=\"elementor-widget-container\">\n\t\t\t\t\t\t\t<div class=\"elementor-spacer\">\n\t\t\t<div class=\"elementor-spacer-inner\"><\/div>\n\t\t<\/div>\n\t\t\t\t\t\t<\/div>\n\t\t\t\t<\/div>\n\t\t\t\t\t<\/div>\n\t\t\t\t<\/div>\n\t\t<div class=\"elementor-element elementor-element-75147da e-grid e-con-boxed e-con e-parent\" data-id=\"75147da\" data-element_type=\"container\" data-e-type=\"container\">\n\t\t\t\t\t<div class=\"e-con-inner\">\n\t\t\t\t<div class=\"elementor-element elementor-element-d1ee4d8 elementor-widget elementor-widget-spacer\" data-id=\"d1ee4d8\" data-element_type=\"widget\" data-e-type=\"widget\" data-widget_type=\"spacer.default\">\n\t\t\t\t<div class=\"elementor-widget-container\">\n\t\t\t\t\t\t\t<div class=\"elementor-spacer\">\n\t\t\t<div class=\"elementor-spacer-inner\"><\/div>\n\t\t<\/div>\n\t\t\t\t\t\t<\/div>\n\t\t\t\t<\/div>\n\t\t\t\t<div class=\"elementor-element elementor-element-9f0ec3c elementor-widget elementor-widget-heading\" data-id=\"9f0ec3c\" data-element_type=\"widget\" data-e-type=\"widget\" data-widget_type=\"heading.default\">\n\t\t\t\t<div class=\"elementor-widget-container\">\n\t\t\t\t\t<h2 class=\"elementor-heading-title elementor-size-default\">POL\u00cdTICA DE COOKIES<\/h2>\t\t\t\t<\/div>\n\t\t\t\t<\/div>\n\t\t\t\t\t<\/div>\n\t\t\t\t<\/div>\n\t\t<div class=\"elementor-element elementor-element-99e8bc3 e-flex e-con-boxed e-con e-parent\" data-id=\"99e8bc3\" data-element_type=\"container\" data-e-type=\"container\">\n\t\t\t\t\t<div class=\"e-con-inner\">\n\t\t\t\t<div class=\"elementor-element elementor-element-3ada075 elementor-widget elementor-widget-text-editor\" data-id=\"3ada075\" data-element_type=\"widget\" data-e-type=\"widget\" data-widget_type=\"text-editor.default\">\n\t\t\t\t<div class=\"elementor-widget-container\">\n\t\t\t\t\t\t\t\t\t<p>\u00a0<\/p><p><strong><span style=\"text-decoration: underline; color: #000000;\">Pol\u00edtica de Cookies y Almacenamiento Local<\/span><\/strong><\/p><p><span style=\"color: #000000;\">En cumplimiento de la Ley 34\/2002, de 11 de julio, de Servicios de la Sociedad de la Informaci\u00f3n y Comercio Electr\u00f3nico le informamos de que este sitio web, al igual que la mayor\u00eda de los sitios en Internet, usa Cookies para mejorar y optimizar la experiencia del usuario. A continuaci\u00f3n encontrar\u00e1 informaci\u00f3n detallada sobre qu\u00e9 son las \u201cCookies\u201d, qu\u00e9 tipolog\u00eda utiliza este sitio web, c\u00f3mo cambiar la configuraci\u00f3n de sus cookies, y qu\u00e9 ocurre si deshabilita las Cookies.<\/span><\/p><p><span style=\"color: #000000;\"><strong>\u00bfQu\u00e9 son las cookies?<\/strong><\/span><\/p><p><span style=\"color: #000000;\">Es un fichero que se descarga en su ordenador, smartphone o dispositivo al acceder a una web. Las cookies permiten a la web almacenar y recuperar informaci\u00f3n sobre los h\u00e1bitos de navegaci\u00f3n del usuario o del equipo y, dependiendo de la informaci\u00f3n que contengan y de la forma en que utilice su equipo, pueden utilizarse para reconocer al usuario.<\/span><\/p><p><span style=\"text-decoration: underline; color: #000000;\"><strong>Tipos de cookies seg\u00fan la entidad que las gestiona:<\/strong><\/span><\/p><p><span style=\"color: #000000;\"><strong>Propias:<\/strong> Las que se env\u00edan a su equipo, desde un equipo o dominio gestionado por el propio titular de la web y desde el que se presta el servicio solicitado por el usuario.<\/span><\/p><p><span style=\"color: #000000;\"><strong>De Tercero:<\/strong> Se env\u00edan a su equipo cuando navegas por nuestra web, pero desde un equipo o dominio que es gestionado por un tercero. Si el tercero trata usa los datos obtenidos para sus propios fines, te avisaremos de ellas.<\/span><\/p><p><span style=\"text-decoration: underline; color: #000000;\"><strong>Tipos de cookies seg\u00fan el tiempo que permanecen en el equipo:<\/strong><\/span><\/p><p><span style=\"color: #000000;\"><strong>De sesi\u00f3n:<\/strong> Activas cuando se accede a la web, desaparecen al fin de la sesi\u00f3n (ej. lista de productos comprados).<\/span><\/p><p><span style=\"color: #000000;\"><strong>Cookies persistentes:<\/strong> Los datos se quedan almacenados en el terminal y puede accederse y tratarse durante el periodo definido en la cookie, incluso a\u00f1os. Si podemos reduciremos al m\u00ednimo su duraci\u00f3n, seg\u00fan su finalidad.<\/span><\/p><p><span style=\"text-decoration: underline; color: #000000;\"><strong>Tipos de cookies seg\u00fan su finalidad:<\/strong><\/span><\/p><p><span style=\"color: #000000;\"><strong>Funcionales y T\u00e9cnicas:<\/strong> Si s\u00f3lo prestan el servicio solicitado, no han que cumplir con la LSSI. Son las estrictamente necesarias para la gesti\u00f3n y operativa de la web, y para los servicios solicitados expresamente por el usuario, si se desactivan estas cookies, no recibir\u00e1 correctamente nuestros contenidos o servicios. Ejemplos:<\/span><\/p><p><span style=\"color: #000000;\">Control del tr\u00e1fico y comunicaci\u00f3n de datos, identificar la sesi\u00f3n, acceso a partes restringidas, recordar el pedido del carrito de compra, realizar compras, gestionar pagos, prevenir fraudes, facilitar inscripciones o participaciones a eventos, contar visitas para facturar el software seg\u00fan el n\u00ba de usos, usar elementos de seguridad al navegar, guardar datos de los v\u00eddeos o sonidos, habilitar contenidos din\u00e1micos (ej. animaci\u00f3n de carga de texto o imagen), compartir contenidos a trav\u00e9s de redes sociales; o gestionar los espacios publicitarios en base a criterios como el contenido editado, sin que se recopile informaci\u00f3n de los usuarios con otros fines (ej. personalizar los contenidos).<\/span><\/p><p><span style=\"color: #000000;\"><strong>De Preferencias o personalizaci\u00f3n:<\/strong> Si elige caracter\u00edsticas (ej. si marcas la bandera del idioma de la web) no han que cumplir con la LSSI, al considerarse un servicio expresamente solicitado. Permiten recordar las preferencias del usuario, como el idioma, el n\u00ba de resultados a mostrar cuando hace una b\u00fasqueda, el aspecto o contenido del servicio seg\u00fan el navegador o la regi\u00f3n desde la que accedes, etc.<\/span><\/p><p><span style=\"color: #000000;\"><strong>De entrada del usuario:<\/strong> Excluidas de la aplicaci\u00f3n de la LSSI. Rastrean al usuario al rellenar los formularios en l\u00ednea en varias p\u00e1ginas, o como cesta de la compra para seguir los art\u00edculos que haya seleccionado al pulsar un bot\u00f3n.<\/span><\/p><p><span style=\"color: #000000;\"><strong>De autenticaci\u00f3n o identificaci\u00f3n de usuario<\/strong> (de sesi\u00f3n). Excluidas de la aplicaci\u00f3n de la LSSI.<\/span><\/p><p><span style=\"color: #000000;\"><strong>De seguridad:<\/strong> Excluidas de la aplicaci\u00f3n de la LSSI. Detectan intentos err\u00f3neos o reiterados de conexi\u00f3n a la web.<\/span><\/p><p><span style=\"color: #000000;\"><strong>Del reproductor multimedia, de equilibrio de carga;<\/strong> o de personalizaci\u00f3n de la interfaz del usuario. Excluidas de la aplicaci\u00f3n de la LSSI.<\/span><\/p><p><span style=\"color: #000000;\"><strong>De complemento (plug-in) o sociales.<\/strong> Excluidas de la LSSI s\u00f3lo para el usuario con la sesi\u00f3n abierta. Controlan la interacci\u00f3n con las redes sociales dentro de la web. Se usan en \u201cyoutube\u201d, \u201cfacebook\u201d, \u201cgoogle\u201d y \u201ctwitter\u201d, u otros.<\/span><\/p><p><span style=\"color: #000000;\"><strong>Cookies de an\u00e1lisis o medici\u00f3n:<\/strong> Debemos obtener un consentimiento informado aunque es poco probable que representen un riesgo para su privacidad si son de de primera parte y que tratan datos agregados para estad\u00edstica. Tratadas por nosotros o por terceros, permiten cuantificar el n.\u00ba de usuario, medir y analizar el comportamiento que se hace de la web, o contar las impresiones en pantalla o los clics en los anuncios para medir el rendimiento y mejorar la oferta de productos o servicios que ofrecemos.<\/span><\/p><p><span style=\"color: #000000;\"><strong>Cookies publicitarias:<\/strong> Tratadas por nosotros o terceros, permiten gestionar la oferta de los espacios publicitarios que hay en la p\u00e1gina web, adecuando el contenido del anuncio al contenido del servicio solicitado, al uso que se realice de la web, o a la informaci\u00f3n que dispongamos sobre sus h\u00e1bitos de navegaci\u00f3n en Internet.<\/span><\/p><p><span style=\"text-decoration: underline; color: #000000;\"><strong>Otras formas de almacenamiento similar a las cookies:<\/strong><\/span><\/p><p><span style=\"color: #000000;\"><strong>LocalStorage y SessionStorage de HTML5:<\/strong> Espacio que la web puede usar en el equipo del usuario. Normalmente borrando el historial de Navegaci\u00f3n se pueden borrar.<\/span><\/p><p><span style=\"color: #000000;\"><strong>Local Shared Objects de Flash:<\/strong> Guardan m\u00e1s informaci\u00f3n que una cookie, y son independientes al navegador usado y m\u00e1s dif\u00edciles de localizar, visualizar o borrar. Pueden incluso regenerar cookies est\u00e1ndar. Un ejemplo es el Isolated storage Silverlight, hay que entrar en la carpeta de Microsoft del usuario para borrarlo. (Ej. video de vimeo).<\/span><\/p><p><span style=\"color: #000000;\"><strong>Web beacons o bugs:<\/strong> Son im\u00e1genes de tama\u00f1o m\u00ednimo, camufladas en la web e inapreciables a la vista. Se descargan al visitar la web pero que est\u00e1n almacenadas en un segundo sitio desde el que se registra la visita mediante la informaci\u00f3n que el navegador proporciona al descargar la imagen: direcci\u00f3n IP, sistema operativo, navegador, n\u00ba de veces y horarios en los que se descarga la imagen.<\/span><\/p><p><span style=\"color: #000000;\"><strong>Cookies que utiliza la web https:\/\/www.dragonet.es:<\/strong><\/span><\/p><p><span style=\"color: #000000;\"><strong>\u00bfQu\u00e9 ocurre si se deshabilitan las Cookies?<\/strong><\/span><\/p><p><span style=\"color: #000000;\">Algunas funcionalidades de servicio, o \u00e1reas de la web podr\u00edan no funcionar correctamente. El no aceptar cookies conlleva instalar en su equipo una cookie de rechazo, que nos informa que no desea cookies en las sucesivas visitas.<\/span><\/p><p><span style=\"color: #000000;\"><strong>\u00bfActualizamos nuestra Pol\u00edtica de Cookies?<\/strong><\/span><\/p><p><span style=\"color: #000000;\">Es posible, por ello le recomendamos revisar esta pol\u00edtica cada vez que acceda a nuestro sitio web con el objetivo de estar adecuadamente informado sobre c\u00f3mo y para qu\u00e9 usamos las cookies.<\/span><\/p><p><span style=\"color: #000000;\"><strong>\u00bfC\u00f3mo puede configurar sus Cookies?<\/strong><\/span><\/p><p><span style=\"color: #000000;\">Desde el banner que le aparece al acceder a la web, tiene la posibilidad de ejercer su derecho a bloquear, eliminar y rechazar el uso de Cookies. Tambi\u00e9n puede modificando las opciones de su navegador.<\/span><\/p><p><span style=\"color: #000000;\"><strong>Microsoft Edge:<\/strong> Configuraci\u00f3n &gt; Configuraci\u00f3n avanzada &gt; Privacidad y servicios &gt; Cookies.<\/span><\/p><p><span style=\"color: #000000;\">M\u00e1s informaci\u00f3n, consulte el soporte de Microsoft o la Ayuda del navegador.<\/span><\/p><p><span style=\"color: #000000;\"><strong>Mozilla Firefox:<\/strong> Herramientas&gt; Opciones&gt; Privacidad&gt; Historial&gt; Configuraci\u00f3n Personalizada.<\/span><\/p><p><span style=\"color: #000000;\">M\u00e1s informaci\u00f3n, consulte el soporte de Mozilla o la Ayuda del navegador.<\/span><\/p><p><span style=\"color: #000000;\"><strong>Google Chrome:<\/strong> Configuraci\u00f3n&gt; Mostrar opciones avanzadas &gt; Privacidad&gt; Configuraci\u00f3n de contenido.<\/span><\/p><p><span style=\"color: #000000;\">M\u00e1s informaci\u00f3n, consulte el soporte de Google o la Ayuda del navegador.<\/span><\/p><p><span style=\"color: #000000;\"><strong>Safari (Apple):<\/strong> Preferencias&gt; Seguridad.<\/span><\/p><p><span style=\"color: #000000;\">M\u00e1s informaci\u00f3n, consulte el soporte de Apple o la Ayuda del navegador.<\/span><\/p><p><span style=\"color: #000000;\"><strong>Opera (Opera Software):<\/strong> Configuraci\u00f3n &gt; Opciones &gt; Avanzado &gt; Cookies<\/span><\/p><p><span style=\"color: #000000;\">M\u00e1s informaci\u00f3n, consulte el soporte de Opera o la Ayuda del navegador.<\/span><\/p><p><span style=\"color: #000000;\">Si usa otro navegador distinto a los anteriores, consulte su pol\u00edtica de instalaci\u00f3n, uso y bloqueo de cookies.<\/span><\/p><p><span style=\"color: #000000;\">Opciones para deshabilitar cookies y opt-out.<\/span><\/p><p><span style=\"color: #000000;\">Usando la herramienta www.youronlinechoices.com, podr\u00e1 encontrar informaci\u00f3n \u00fatil y configurar, proveedor por proveedor, sus preferencias sobre las cookies.<\/span><\/p><p><span style=\"color: #000000;\">Hay herramientas de terceros, que permiten a los usuarios detectar las cookies de cada sitio web que visita y gestionar su desactivaci\u00f3n. Por ejemplo, Ghostery: http:\/\/www.ghostery.com\/privacy-statement<\/span><\/p><p><span style=\"color: #000000;\">Existe un complemento para desactivar las cookies de Google Analytics: https:\/\/tools.google.com\/dlpage\/gaoptout?hl=es<\/span><\/p><p><span style=\"color: #000000;\">Existe una opci\u00f3n para deshabilitar cookies publicitarias, de todas las empresas suscritas a la NAI (Network advertising iniciative): https:\/\/optout.networkadvertising.org\/?c=1<\/span><\/p><p><span style=\"color: #000000;\">Puedes consultar m\u00e1s informaci\u00f3n sobre cookies en https:\/\/www.aboutcookies.org\/ y en https:\/\/www.allaboutcookies.org\/<\/span><\/p>\t\t\t\t\t\t\t\t<\/div>\n\t\t\t\t<\/div>\n\t\t\t\t\t<\/div>\n\t\t\t\t<\/div>\n\t\t\t\t<\/div>","protected":false},"excerpt":{"rendered":"<p>POL\u00cdTICA DE COOKIES \u00a0 Pol\u00edtica de Cookies y Almacenamiento Local En cumplimiento de la Ley 34\/2002, de 11 de julio, de Servicios de la Sociedad de la Informaci\u00f3n y Comercio Electr\u00f3nico le informamos de que este sitio web, al igual que la mayor\u00eda de los sitios en Internet, usa Cookies para mejorar y optimizar la [&hellip;]<\/p>\n","protected":false},"author":1,"featured_media":0,"parent":0,"menu_order":0,"comment_status":"closed","ping_status":"closed","template":"","meta":{"_crdt_document":"","ocean_post_layout":"","ocean_both_sidebars_style":"","ocean_both_sidebars_content_width":0,"ocean_both_sidebars_sidebars_width":0,"ocean_sidebar":"","ocean_second_sidebar":"","ocean_disable_margins":"enable","ocean_add_body_class":"","ocean_shortcode_before_top_bar":"","ocean_shortcode_after_top_bar":"","ocean_shortcode_before_header":"","ocean_shortcode_after_header":"","ocean_has_shortcode":"","ocean_shortcode_after_title":"","ocean_shortcode_before_footer_widgets":"","ocean_shortcode_after_footer_widgets":"","ocean_shortcode_before_footer_bottom":"","ocean_shortcode_after_footer_bottom":"","ocean_display_top_bar":"default","ocean_display_header":"default","ocean_header_style":"","ocean_center_header_left_menu":"","ocean_custom_header_template":"","ocean_custom_logo":0,"ocean_custom_retina_logo":0,"ocean_custom_logo_max_width":0,"ocean_custom_logo_tablet_max_width":0,"ocean_custom_logo_mobile_max_width":0,"ocean_custom_logo_max_height":0,"ocean_custom_logo_tablet_max_height":0,"ocean_custom_logo_mobile_max_height":0,"ocean_header_custom_menu":"","ocean_menu_typo_font_family":"","ocean_menu_typo_font_subset":"","ocean_menu_typo_font_size":0,"ocean_menu_typo_font_size_tablet":0,"ocean_menu_typo_font_size_mobile":0,"ocean_menu_typo_font_size_unit":"px","ocean_menu_typo_font_weight":"","ocean_menu_typo_font_weight_tablet":"","ocean_menu_typo_font_weight_mobile":"","ocean_menu_typo_transform":"","ocean_menu_typo_transform_tablet":"","ocean_menu_typo_transform_mobile":"","ocean_menu_typo_line_height":0,"ocean_menu_typo_line_height_tablet":0,"ocean_menu_typo_line_height_mobile":0,"ocean_menu_typo_line_height_unit":"","ocean_menu_typo_spacing":0,"ocean_menu_typo_spacing_tablet":0,"ocean_menu_typo_spacing_mobile":0,"ocean_menu_typo_spacing_unit":"","ocean_menu_link_color":"","ocean_menu_link_color_hover":"","ocean_menu_link_color_active":"","ocean_menu_link_background":"","ocean_menu_link_hover_background":"","ocean_menu_link_active_background":"","ocean_menu_social_links_bg":"","ocean_menu_social_hover_links_bg":"","ocean_menu_social_links_color":"","ocean_menu_social_hover_links_color":"","ocean_disable_title":"default","ocean_disable_heading":"default","ocean_post_title":"","ocean_post_subheading":"","ocean_post_title_style":"","ocean_post_title_background_color":"","ocean_post_title_background":0,"ocean_post_title_bg_image_position":"","ocean_post_title_bg_image_attachment":"","ocean_post_title_bg_image_repeat":"","ocean_post_title_bg_image_size":"","ocean_post_title_height":0,"ocean_post_title_bg_overlay":0.5,"ocean_post_title_bg_overlay_color":"","ocean_disable_breadcrumbs":"default","ocean_breadcrumbs_color":"","ocean_breadcrumbs_separator_color":"","ocean_breadcrumbs_links_color":"","ocean_breadcrumbs_links_hover_color":"","ocean_display_footer_widgets":"default","ocean_display_footer_bottom":"default","ocean_custom_footer_template":"","omw_enable_modal_window":"enable","footnotes":""},"class_list":["post-5302","page","type-page","status-publish","hentry","entry"],"yoast_head":"<!-- This site is optimized with the Yoast SEO plugin v27.4 - https:\/\/yoast.com\/product\/yoast-seo-wordpress\/ -->\n<title>Pol\u00edtica de cookies (UE) - Dragonet Comunicaciones<\/title>\n<meta name=\"robots\" content=\"index, follow, max-snippet:-1, max-image-preview:large, max-video-preview:-1\" \/>\n<link rel=\"canonical\" href=\"https:\/\/www.dragonet.es\/en\/politica-de-cookies-ue\/\" \/>\n<meta property=\"og:locale\" content=\"en_GB\" \/>\n<meta property=\"og:type\" content=\"article\" \/>\n<meta property=\"og:title\" content=\"Pol\u00edtica de cookies (UE) - Dragonet Comunicaciones\" \/>\n<meta property=\"og:description\" content=\"POL\u00cdTICA DE COOKIES \u00a0 Pol\u00edtica de Cookies y Almacenamiento Local En cumplimiento de la Ley 34\/2002, de 11 de julio, de Servicios de la Sociedad de la Informaci\u00f3n y Comercio Electr\u00f3nico le informamos de que este sitio web, al igual que la mayor\u00eda de los sitios en Internet, usa Cookies para mejorar y optimizar la [&hellip;]\" \/>\n<meta property=\"og:url\" content=\"https:\/\/www.dragonet.es\/en\/politica-de-cookies-ue\/\" \/>\n<meta property=\"og:site_name\" content=\"Dragonet Comunicaciones\" \/>\n<meta property=\"article:publisher\" content=\"https:\/\/www.facebook.com\/dragonetcomunicaciones\/\" \/>\n<meta property=\"article:modified_time\" content=\"2025-08-07T10:22:41+00:00\" \/>\n<meta property=\"og:image\" content=\"https:\/\/www.dragonet.es\/wp-content\/uploads\/2024\/07\/cropped-Logo-Dragonet-1.jpg\" \/>\n\t<meta property=\"og:image:width\" content=\"512\" \/>\n\t<meta property=\"og:image:height\" content=\"512\" \/>\n\t<meta property=\"og:image:type\" content=\"image\/jpeg\" \/>\n<meta name=\"twitter:card\" content=\"summary_large_image\" \/>\n<meta name=\"twitter:site\" content=\"@_Dragonet\" \/>\n<meta name=\"twitter:label1\" content=\"Estimated reading time\" \/>\n\t<meta name=\"twitter:data1\" content=\"6 minutes\" \/>\n<script type=\"application\/ld+json\" class=\"yoast-schema-graph\">{\"@context\":\"https:\\\/\\\/schema.org\",\"@graph\":[{\"@type\":\"WebPage\",\"@id\":\"https:\\\/\\\/www.dragonet.es\\\/politica-de-cookies-ue\",\"url\":\"https:\\\/\\\/www.dragonet.es\\\/politica-de-cookies-ue\",\"name\":\"Pol\u00edtica de cookies (UE) - Dragonet Comunicaciones\",\"isPartOf\":{\"@id\":\"https:\\\/\\\/www.dragonet.es\\\/en\\\/#website\"},\"datePublished\":\"2024-07-23T08:49:27+00:00\",\"dateModified\":\"2025-08-07T10:22:41+00:00\",\"breadcrumb\":{\"@id\":\"https:\\\/\\\/www.dragonet.es\\\/politica-de-cookies-ue#breadcrumb\"},\"inLanguage\":\"en-GB\",\"potentialAction\":[{\"@type\":\"ReadAction\",\"target\":[\"https:\\\/\\\/www.dragonet.es\\\/politica-de-cookies-ue\"]}]},{\"@type\":\"BreadcrumbList\",\"@id\":\"https:\\\/\\\/www.dragonet.es\\\/politica-de-cookies-ue#breadcrumb\",\"itemListElement\":[{\"@type\":\"ListItem\",\"position\":1,\"name\":\"Portada\",\"item\":\"https:\\\/\\\/www.dragonet.es\\\/\"},{\"@type\":\"ListItem\",\"position\":2,\"name\":\"Pol\u00edtica de cookies (UE)\"}]},{\"@type\":\"WebSite\",\"@id\":\"https:\\\/\\\/www.dragonet.es\\\/en\\\/#website\",\"url\":\"https:\\\/\\\/www.dragonet.es\\\/en\\\/\",\"name\":\"Dragonet Comunicaciones\",\"description\":\"| El Operador l\u00edder de la Marina Baixa\",\"publisher\":{\"@id\":\"https:\\\/\\\/www.dragonet.es\\\/en\\\/#organization\"},\"potentialAction\":[{\"@type\":\"SearchAction\",\"target\":{\"@type\":\"EntryPoint\",\"urlTemplate\":\"https:\\\/\\\/www.dragonet.es\\\/en\\\/?s={search_term_string}\"},\"query-input\":{\"@type\":\"PropertyValueSpecification\",\"valueRequired\":true,\"valueName\":\"search_term_string\"}}],\"inLanguage\":\"en-GB\"},{\"@type\":\"Organization\",\"@id\":\"https:\\\/\\\/www.dragonet.es\\\/en\\\/#organization\",\"name\":\"Dragonet Comunicaciones\",\"url\":\"https:\\\/\\\/www.dragonet.es\\\/en\\\/\",\"logo\":{\"@type\":\"ImageObject\",\"inLanguage\":\"en-GB\",\"@id\":\"https:\\\/\\\/www.dragonet.es\\\/en\\\/#\\\/schema\\\/logo\\\/image\\\/\",\"url\":\"https:\\\/\\\/www.dragonet.es\\\/wp-content\\\/uploads\\\/2024\\\/07\\\/cropped-Logo-Dragonet-1.jpg\",\"contentUrl\":\"https:\\\/\\\/www.dragonet.es\\\/wp-content\\\/uploads\\\/2024\\\/07\\\/cropped-Logo-Dragonet-1.jpg\",\"width\":512,\"height\":512,\"caption\":\"Dragonet Comunicaciones\"},\"image\":{\"@id\":\"https:\\\/\\\/www.dragonet.es\\\/en\\\/#\\\/schema\\\/logo\\\/image\\\/\"},\"sameAs\":[\"https:\\\/\\\/www.facebook.com\\\/dragonetcomunicaciones\\\/\",\"https:\\\/\\\/x.com\\\/_Dragonet\",\"https:\\\/\\\/www.instagram.com\\\/dragonet.comunicaciones\\\/?hl=es\"]}]}<\/script>\n<!-- \/ Yoast SEO plugin. -->","yoast_head_json":{"title":"Pol\u00edtica de cookies (UE) - Dragonet Comunicaciones","robots":{"index":"index","follow":"follow","max-snippet":"max-snippet:-1","max-image-preview":"max-image-preview:large","max-video-preview":"max-video-preview:-1"},"canonical":"https:\/\/www.dragonet.es\/en\/politica-de-cookies-ue\/","og_locale":"en_GB","og_type":"article","og_title":"Pol\u00edtica de cookies (UE) - Dragonet Comunicaciones","og_description":"POL\u00cdTICA DE COOKIES \u00a0 Pol\u00edtica de Cookies y Almacenamiento Local En cumplimiento de la Ley 34\/2002, de 11 de julio, de Servicios de la Sociedad de la Informaci\u00f3n y Comercio Electr\u00f3nico le informamos de que este sitio web, al igual que la mayor\u00eda de los sitios en Internet, usa Cookies para mejorar y optimizar la [&hellip;]","og_url":"https:\/\/www.dragonet.es\/en\/politica-de-cookies-ue\/","og_site_name":"Dragonet Comunicaciones","article_publisher":"https:\/\/www.facebook.com\/dragonetcomunicaciones\/","article_modified_time":"2025-08-07T10:22:41+00:00","og_image":[{"width":512,"height":512,"url":"https:\/\/www.dragonet.es\/wp-content\/uploads\/2024\/07\/cropped-Logo-Dragonet-1.jpg","type":"image\/jpeg"}],"twitter_card":"summary_large_image","twitter_site":"@_Dragonet","twitter_misc":{"Estimated reading time":"6 minutes"},"schema":{"@context":"https:\/\/schema.org","@graph":[{"@type":"WebPage","@id":"https:\/\/www.dragonet.es\/politica-de-cookies-ue","url":"https:\/\/www.dragonet.es\/politica-de-cookies-ue","name":"Pol\u00edtica de cookies (UE) - Dragonet Comunicaciones","isPartOf":{"@id":"https:\/\/www.dragonet.es\/en\/#website"},"datePublished":"2024-07-23T08:49:27+00:00","dateModified":"2025-08-07T10:22:41+00:00","breadcrumb":{"@id":"https:\/\/www.dragonet.es\/politica-de-cookies-ue#breadcrumb"},"inLanguage":"en-GB","potentialAction":[{"@type":"ReadAction","target":["https:\/\/www.dragonet.es\/politica-de-cookies-ue"]}]},{"@type":"BreadcrumbList","@id":"https:\/\/www.dragonet.es\/politica-de-cookies-ue#breadcrumb","itemListElement":[{"@type":"ListItem","position":1,"name":"Portada","item":"https:\/\/www.dragonet.es\/"},{"@type":"ListItem","position":2,"name":"Pol\u00edtica de cookies (UE)"}]},{"@type":"WebSite","@id":"https:\/\/www.dragonet.es\/en\/#website","url":"https:\/\/www.dragonet.es\/en\/","name":"Dragonet Comunicaciones","description":"| El Operador l\u00edder de la Marina Baixa","publisher":{"@id":"https:\/\/www.dragonet.es\/en\/#organization"},"potentialAction":[{"@type":"SearchAction","target":{"@type":"EntryPoint","urlTemplate":"https:\/\/www.dragonet.es\/en\/?s={search_term_string}"},"query-input":{"@type":"PropertyValueSpecification","valueRequired":true,"valueName":"search_term_string"}}],"inLanguage":"en-GB"},{"@type":"Organization","@id":"https:\/\/www.dragonet.es\/en\/#organization","name":"Dragonet Comunicaciones","url":"https:\/\/www.dragonet.es\/en\/","logo":{"@type":"ImageObject","inLanguage":"en-GB","@id":"https:\/\/www.dragonet.es\/en\/#\/schema\/logo\/image\/","url":"https:\/\/www.dragonet.es\/wp-content\/uploads\/2024\/07\/cropped-Logo-Dragonet-1.jpg","contentUrl":"https:\/\/www.dragonet.es\/wp-content\/uploads\/2024\/07\/cropped-Logo-Dragonet-1.jpg","width":512,"height":512,"caption":"Dragonet Comunicaciones"},"image":{"@id":"https:\/\/www.dragonet.es\/en\/#\/schema\/logo\/image\/"},"sameAs":["https:\/\/www.facebook.com\/dragonetcomunicaciones\/","https:\/\/x.com\/_Dragonet","https:\/\/www.instagram.com\/dragonet.comunicaciones\/?hl=es"]}]}},"_links":{"self":[{"href":"https:\/\/www.dragonet.es\/en\/wp-json\/wp\/v2\/pages\/5302","targetHints":{"allow":["GET"]}}],"collection":[{"href":"https:\/\/www.dragonet.es\/en\/wp-json\/wp\/v2\/pages"}],"about":[{"href":"https:\/\/www.dragonet.es\/en\/wp-json\/wp\/v2\/types\/page"}],"author":[{"embeddable":true,"href":"https:\/\/www.dragonet.es\/en\/wp-json\/wp\/v2\/users\/1"}],"replies":[{"embeddable":true,"href":"https:\/\/www.dragonet.es\/en\/wp-json\/wp\/v2\/comments?post=5302"}],"version-history":[{"count":57,"href":"https:\/\/www.dragonet.es\/en\/wp-json\/wp\/v2\/pages\/5302\/revisions"}],"predecessor-version":[{"id":7076,"href":"https:\/\/www.dragonet.es\/en\/wp-json\/wp\/v2\/pages\/5302\/revisions\/7076"}],"wp:attachment":[{"href":"https:\/\/www.dragonet.es\/en\/wp-json\/wp\/v2\/media?parent=5302"}],"curies":[{"name":"wp","href":"https:\/\/api.w.org\/{rel}","templated":true}]}}