{"id":3846,"date":"2023-03-23T09:16:22","date_gmt":"2023-03-23T09:16:22","guid":{"rendered":"https:\/\/www.dragonet.es\/?page_id=3846"},"modified":"2024-11-05T17:35:23","modified_gmt":"2024-11-05T17:35:23","slug":"configuracion-apn-movil","status":"publish","type":"page","link":"https:\/\/www.dragonet.es\/en\/configuracion-apn-movil","title":{"rendered":"Configuraci\u00f3n APN M\u00f3vil"},"content":{"rendered":"<div data-elementor-type=\"wp-page\" data-elementor-id=\"3846\" class=\"elementor elementor-3846\" data-elementor-post-type=\"page\">\n\t\t\t\t\t\t<section class=\"elementor-section elementor-top-section elementor-element elementor-element-8efc8da elementor-section-boxed elementor-section-height-default elementor-section-height-default\" data-id=\"8efc8da\" data-element_type=\"section\" data-e-type=\"section\" data-settings=\"{&quot;background_background&quot;:&quot;classic&quot;}\">\n\t\t\t\t\t\t<div class=\"elementor-container elementor-column-gap-default\">\n\t\t\t\t\t<div class=\"elementor-column elementor-col-100 elementor-top-column elementor-element elementor-element-6a0fd5c\" data-id=\"6a0fd5c\" data-element_type=\"column\" data-e-type=\"column\">\n\t\t\t<div class=\"elementor-widget-wrap elementor-element-populated\">\n\t\t\t\t\t\t\t<\/div>\n\t\t<\/div>\n\t\t\t\t\t<\/div>\n\t\t<\/section>\n\t\t\t\t<section class=\"elementor-section elementor-top-section elementor-element elementor-element-4aff081 elementor-section-boxed elementor-section-height-default elementor-section-height-default\" data-id=\"4aff081\" data-element_type=\"section\" data-e-type=\"section\">\n\t\t\t\t\t\t<div class=\"elementor-container elementor-column-gap-default\">\n\t\t\t\t\t<div class=\"elementor-column elementor-col-100 elementor-top-column elementor-element elementor-element-1b75854\" data-id=\"1b75854\" data-element_type=\"column\" data-e-type=\"column\">\n\t\t\t<div class=\"elementor-widget-wrap elementor-element-populated\">\n\t\t\t\t\t\t<div class=\"elementor-element elementor-element-d22dbe5 elementor-widget elementor-widget-heading\" data-id=\"d22dbe5\" data-element_type=\"widget\" data-e-type=\"widget\" data-widget_type=\"heading.default\">\n\t\t\t\t<div class=\"elementor-widget-container\">\n\t\t\t\t\t<h1 class=\"elementor-heading-title elementor-size-default\">CONFIGURE YOUR DRAGONET SIM AND THE MOBILE DATA<\/h1>\t\t\t\t<\/div>\n\t\t\t\t<\/div>\n\t\t\t\t\t<\/div>\n\t\t<\/div>\n\t\t\t\t\t<\/div>\n\t\t<\/section>\n\t\t\t\t<section class=\"elementor-section elementor-top-section elementor-element elementor-element-b0a314c elementor-section-boxed elementor-section-height-default elementor-section-height-default\" data-id=\"b0a314c\" data-element_type=\"section\" data-e-type=\"section\">\n\t\t\t\t\t\t<div class=\"elementor-container elementor-column-gap-default\">\n\t\t\t\t\t<div class=\"elementor-column elementor-col-100 elementor-top-column elementor-element elementor-element-2f4f62d\" data-id=\"2f4f62d\" data-element_type=\"column\" data-e-type=\"column\">\n\t\t\t<div class=\"elementor-widget-wrap elementor-element-populated\">\n\t\t\t\t\t\t<div class=\"elementor-element elementor-element-54adccd elementor-widget elementor-widget-heading\" data-id=\"54adccd\" data-element_type=\"widget\" data-e-type=\"widget\" data-widget_type=\"heading.default\">\n\t\t\t\t<div class=\"elementor-widget-container\">\n\t\t\t\t\t<h4 class=\"elementor-heading-title elementor-size-default\">We help you to configure your Dragonet SIM so you can use your mobile data:<\/h4>\t\t\t\t<\/div>\n\t\t\t\t<\/div>\n\t\t\t\t\t<\/div>\n\t\t<\/div>\n\t\t\t\t\t<\/div>\n\t\t<\/section>\n\t\t\t\t<section class=\"elementor-section elementor-top-section elementor-element elementor-element-badb2c4 elementor-section-boxed elementor-section-height-default elementor-section-height-default\" data-id=\"badb2c4\" data-element_type=\"section\" data-e-type=\"section\" data-settings=\"{&quot;background_background&quot;:&quot;classic&quot;,&quot;animation&quot;:&quot;none&quot;}\">\n\t\t\t\t\t\t<div class=\"elementor-container elementor-column-gap-default\">\n\t\t\t\t\t<div class=\"elementor-column elementor-col-100 elementor-top-column elementor-element elementor-element-e43a238\" data-id=\"e43a238\" data-element_type=\"column\" data-e-type=\"column\">\n\t\t\t<div class=\"elementor-widget-wrap elementor-element-populated\">\n\t\t\t\t\t\t<div class=\"elementor-element elementor-element-6c4240f elementor-widget elementor-widget-spacer\" data-id=\"6c4240f\" data-element_type=\"widget\" data-e-type=\"widget\" data-widget_type=\"spacer.default\">\n\t\t\t\t<div class=\"elementor-widget-container\">\n\t\t\t\t\t\t\t<div class=\"elementor-spacer\">\n\t\t\t<div class=\"elementor-spacer-inner\"><\/div>\n\t\t<\/div>\n\t\t\t\t\t\t<\/div>\n\t\t\t\t<\/div>\n\t\t\t\t<div class=\"elementor-element elementor-element-d6e00e1 elementor-widget elementor-widget-spacer\" data-id=\"d6e00e1\" data-element_type=\"widget\" data-e-type=\"widget\" data-widget_type=\"spacer.default\">\n\t\t\t\t<div class=\"elementor-widget-container\">\n\t\t\t\t\t\t\t<div class=\"elementor-spacer\">\n\t\t\t<div class=\"elementor-spacer-inner\"><\/div>\n\t\t<\/div>\n\t\t\t\t\t\t<\/div>\n\t\t\t\t<\/div>\n\t\t\t\t\t<\/div>\n\t\t<\/div>\n\t\t\t\t\t<\/div>\n\t\t<\/section>\n\t\t\t\t<section class=\"elementor-section elementor-top-section elementor-element elementor-element-dc791c0 elementor-section-boxed elementor-section-height-default elementor-section-height-default\" data-id=\"dc791c0\" data-element_type=\"section\" data-e-type=\"section\">\n\t\t\t\t\t\t<div class=\"elementor-container elementor-column-gap-default\">\n\t\t\t\t\t<div class=\"elementor-column elementor-col-50 elementor-top-column elementor-element elementor-element-5d85d9c\" data-id=\"5d85d9c\" data-element_type=\"column\" data-e-type=\"column\">\n\t\t\t<div class=\"elementor-widget-wrap elementor-element-populated\">\n\t\t\t\t\t\t<div class=\"elementor-element elementor-element-5882465 elementor-flip-box--effect-flip elementor-flip-box--direction-up elementor-widget elementor-widget-flip-box\" data-id=\"5882465\" data-element_type=\"widget\" data-e-type=\"widget\" data-widget_type=\"flip-box.default\">\n\t\t\t\t<div class=\"elementor-widget-container\">\n\t\t\t\t\t\t\t<div class=\"elementor-flip-box\" tabindex=\"0\">\n\t\t\t<div class=\"elementor-flip-box__layer elementor-flip-box__front\">\n\t\t\t\t<div class=\"elementor-flip-box__layer__overlay\">\n\t\t\t\t\t<div class=\"elementor-flip-box__layer__inner\">\n\t\t\t\t\t\t\t\t\t\t\t\t\t<div class=\"elementor-icon-wrapper elementor-view-default\">\n\t\t\t\t\t\t\t\t<div class=\"elementor-icon\">\n\t\t\t\t\t\t\t\t\t<i aria-hidden=\"true\" class=\"fas fa-wifi\"><\/i>\t\t\t\t\t\t\t\t<\/div>\n\t\t\t\t\t\t\t<\/div>\n\t\t\t\t\t\t\n\t\t\t\t\t\t\t\t\t\t\t\t\t<h3 class=\"elementor-flip-box__layer__title\">\n\t\t\t\t\t\t\t\tI HAVE AN ANDROID\t\t\t\t\t\t\t<\/h3>\n\t\t\t\t\t\t\n\t\t\t\t\t\t\t\t\t\t\t\t\t<div class=\"elementor-flip-box__layer__description\">\n\t\t\t\t\t\t\t\tAnd i want to configure mi Dragonet SIM so i can start using my mobile data\n<br>\n(Touch here to see the configuration)\t\t\t\t\t\t\t<\/div>\n\t\t\t\t\t\t\t\t\t\t\t<\/div>\n\t\t\t\t<\/div>\n\t\t\t<\/div>\n\t\t\t<div class=\"elementor-flip-box__layer elementor-flip-box__back\">\n\t\t\t<div class=\"elementor-flip-box__layer__overlay\">\n\t\t\t\t<div class=\"elementor-flip-box__layer__inner\">\n\t\t\t\t\t\t\t\t\t\t\t<h3 class=\"elementor-flip-box__layer__title\">\n\t\t\t\t\t\t\t<br><br><br>ANDROID - APN CONFIGURATION\t\t\t\t\t\t<\/h3>\n\t\t\t\t\t\n\t\t\t\t\t\t\t\t\t\t\t<div class=\"elementor-flip-box__layer__description\">\n\t\t\t\t\t\t\tTo configure the APN to active the mobile data if your mobile is an Android. You need to access to settings in your mobile and follow the next steps:\n\n<br>1.) Settings-mobile networks-APN (Access point names)\n<br> 2.) Once in APN area (Acces point names), is necessary to create a new APN. In the section \u00abName\u00bb write \u00abDragonet\u00bb and in the section \u00abAPN\u00bb write \u00abinet.es\u00bb.\n<br>3). After, save and select the APN that you have created. <br>4). If your mobile is a XIAOMI or BQ is necessary one more step, in the section &lt;&gt;  add the configuration \u201cdefault,supl,dun\u201d. After, save and choose the created APN.\t\t\t\t\t\t<\/div>\n\t\t\t\t\t\n\t\t\t\t\t\t\t\t<\/div>\n\t\t<\/div>\n\t\t<\/div>\n\t\t<\/div>\n\t\t\t\t\t\t<\/div>\n\t\t\t\t<\/div>\n\t\t\t\t\t<\/div>\n\t\t<\/div>\n\t\t\t\t<div class=\"elementor-column elementor-col-50 elementor-top-column elementor-element elementor-element-29af752\" data-id=\"29af752\" data-element_type=\"column\" data-e-type=\"column\">\n\t\t\t<div class=\"elementor-widget-wrap elementor-element-populated\">\n\t\t\t\t\t\t<div class=\"elementor-element elementor-element-8cfbe4c elementor-flip-box--effect-flip elementor-flip-box--direction-up elementor-widget elementor-widget-flip-box\" data-id=\"8cfbe4c\" data-element_type=\"widget\" data-e-type=\"widget\" data-widget_type=\"flip-box.default\">\n\t\t\t\t<div class=\"elementor-widget-container\">\n\t\t\t\t\t\t\t<div class=\"elementor-flip-box\" tabindex=\"0\">\n\t\t\t<div class=\"elementor-flip-box__layer elementor-flip-box__front\">\n\t\t\t\t<div class=\"elementor-flip-box__layer__overlay\">\n\t\t\t\t\t<div class=\"elementor-flip-box__layer__inner\">\n\t\t\t\t\t\t\t\t\t\t\t\t\t<div class=\"elementor-icon-wrapper elementor-view-default\">\n\t\t\t\t\t\t\t\t<div class=\"elementor-icon\">\n\t\t\t\t\t\t\t\t\t<i aria-hidden=\"true\" class=\"fas fa-wifi\"><\/i>\t\t\t\t\t\t\t\t<\/div>\n\t\t\t\t\t\t\t<\/div>\n\t\t\t\t\t\t\n\t\t\t\t\t\t\t\t\t\t\t\t\t<h3 class=\"elementor-flip-box__layer__title\">\n\t\t\t\t\t\t\t\tI HAVE AN IPHONE\t\t\t\t\t\t\t<\/h3>\n\t\t\t\t\t\t\n\t\t\t\t\t\t\t\t\t\t\t\t\t<div class=\"elementor-flip-box__layer__description\">\n\t\t\t\t\t\t\t\tAnd i want to configure mi Dragonet SIM so i can start using my mobile data\n<br>\n(Touch here to see the configuration)\t\t\t\t\t\t\t<\/div>\n\t\t\t\t\t\t\t\t\t\t\t<\/div>\n\t\t\t\t<\/div>\n\t\t\t<\/div>\n\t\t\t<div class=\"elementor-flip-box__layer elementor-flip-box__back\">\n\t\t\t<div class=\"elementor-flip-box__layer__overlay\">\n\t\t\t\t<div class=\"elementor-flip-box__layer__inner\">\n\t\t\t\t\t\t\t\t\t\t\t<h3 class=\"elementor-flip-box__layer__title\">\n\t\t\t\t\t\t\t<br><br><br>CONFIGURATION APN - IPHONE\t\t\t\t\t\t<\/h3>\n\t\t\t\t\t\n\t\t\t\t\t\t\t\t\t\t\t<div class=\"elementor-flip-box__layer__description\">\n\t\t\t\t\t\t\t<br><br>\nConfigure the APN to activate the mobile data of your Iphone mobile\n\n<br>1). Press on the button that you will find on the down part of this text to download the configuration: \nAPN CONFIGURATION\n<br> 2). After (in your phone menu) go to settings-general-profile. In this section you will find thE downloaded APN. Press on it and press &lt;&gt; to carry on with the process until it\u00b4s installed.\t\t\t\t\t\t<\/div>\n\t\t\t\t\t\n\t\t\t\t\t\t\t\t\t\t\t<a class=\"elementor-flip-box__button elementor-button elementor-size-md\" href=\"\/Interno\/Dragonet.mobileconfig\">\n\t\t\t\t\t\t\tClick here to dowload the APN CONFIGURATION\t\t\t\t\t\t<\/a>\n\t\t\t\t\t\t\t\t<\/div>\n\t\t<\/div>\n\t\t<\/div>\n\t\t<\/div>\n\t\t\t\t\t\t<\/div>\n\t\t\t\t<\/div>\n\t\t\t\t\t<\/div>\n\t\t<\/div>\n\t\t\t\t\t<\/div>\n\t\t<\/section>\n\t\t\t\t<section class=\"elementor-section elementor-top-section elementor-element elementor-element-3fe33a5 elementor-section-boxed elementor-section-height-default elementor-section-height-default\" data-id=\"3fe33a5\" data-element_type=\"section\" data-e-type=\"section\">\n\t\t\t\t\t\t<div class=\"elementor-container elementor-column-gap-default\">\n\t\t\t\t\t<div class=\"elementor-column elementor-col-100 elementor-top-column elementor-element elementor-element-16b36f2\" data-id=\"16b36f2\" data-element_type=\"column\" data-e-type=\"column\">\n\t\t\t<div class=\"elementor-widget-wrap elementor-element-populated\">\n\t\t\t\t\t\t<div class=\"elementor-element elementor-element-074c310 elementor-widget elementor-widget-text-editor\" data-id=\"074c310\" data-element_type=\"widget\" data-e-type=\"widget\" data-widget_type=\"text-editor.default\">\n\t\t\t\t<div class=\"elementor-widget-container\">\n\t\t\t\t\t\t\t\t\t<p><span style=\"color: #600c7b;\">If after the steps, still dont work, is necessary to check if Dragonet SIM card is in the \"SPACE 1\" of your mobile. If is in \"SPACE 2\" it will be necessary to move it to \"SPACE 1\". If after this the mobile data still dont work, try to delete all the created APN\u00b4S and configure the Dragonet APN again.<\/span><\/p>\t\t\t\t\t\t\t\t<\/div>\n\t\t\t\t<\/div>\n\t\t\t\t\t<\/div>\n\t\t<\/div>\n\t\t\t\t\t<\/div>\n\t\t<\/section>\n\t\t\t\t<\/div>","protected":false},"excerpt":{"rendered":"<p>CONFIGURA TU SIM DRAGONET Y LOS DATOS M\u00d3VILES Nosotros de ayudamos a configurar tu SIM Dragonet para que puedas utilizar tus datos m\u00f3viles: TENGO UN ANDROID \u00a1Y quiero configurar mi SIM Dragonet para comenzar a utilizar mis datos m\u00f3viles! (Toca sobre este cuadro para ver la configuraci\u00f3n) CONFIGURACI\u00d3N APN &#8211; ANDROID Para configurar el APN [&hellip;]<\/p>\n","protected":false},"author":1,"featured_media":0,"parent":0,"menu_order":0,"comment_status":"closed","ping_status":"closed","template":"","meta":{"_crdt_document":"","ocean_post_layout":"","ocean_both_sidebars_style":"","ocean_both_sidebars_content_width":0,"ocean_both_sidebars_sidebars_width":0,"ocean_sidebar":"0","ocean_second_sidebar":"0","ocean_disable_margins":"enable","ocean_add_body_class":"","ocean_shortcode_before_top_bar":"","ocean_shortcode_after_top_bar":"","ocean_shortcode_before_header":"","ocean_shortcode_after_header":"","ocean_has_shortcode":"","ocean_shortcode_after_title":"","ocean_shortcode_before_footer_widgets":"","ocean_shortcode_after_footer_widgets":"","ocean_shortcode_before_footer_bottom":"","ocean_shortcode_after_footer_bottom":"","ocean_display_top_bar":"default","ocean_display_header":"default","ocean_header_style":"","ocean_center_header_left_menu":"0","ocean_custom_header_template":"0","ocean_custom_logo":0,"ocean_custom_retina_logo":0,"ocean_custom_logo_max_width":0,"ocean_custom_logo_tablet_max_width":0,"ocean_custom_logo_mobile_max_width":0,"ocean_custom_logo_max_height":0,"ocean_custom_logo_tablet_max_height":0,"ocean_custom_logo_mobile_max_height":0,"ocean_header_custom_menu":"0","ocean_menu_typo_font_family":"0","ocean_menu_typo_font_subset":"","ocean_menu_typo_font_size":0,"ocean_menu_typo_font_size_tablet":0,"ocean_menu_typo_font_size_mobile":0,"ocean_menu_typo_font_size_unit":"px","ocean_menu_typo_font_weight":"","ocean_menu_typo_font_weight_tablet":"","ocean_menu_typo_font_weight_mobile":"","ocean_menu_typo_transform":"","ocean_menu_typo_transform_tablet":"","ocean_menu_typo_transform_mobile":"","ocean_menu_typo_line_height":0,"ocean_menu_typo_line_height_tablet":0,"ocean_menu_typo_line_height_mobile":0,"ocean_menu_typo_line_height_unit":"","ocean_menu_typo_spacing":0,"ocean_menu_typo_spacing_tablet":0,"ocean_menu_typo_spacing_mobile":0,"ocean_menu_typo_spacing_unit":"","ocean_menu_link_color":"","ocean_menu_link_color_hover":"","ocean_menu_link_color_active":"","ocean_menu_link_background":"","ocean_menu_link_hover_background":"","ocean_menu_link_active_background":"","ocean_menu_social_links_bg":"","ocean_menu_social_hover_links_bg":"","ocean_menu_social_links_color":"","ocean_menu_social_hover_links_color":"","ocean_disable_title":"default","ocean_disable_heading":"default","ocean_post_title":"","ocean_post_subheading":"","ocean_post_title_style":"","ocean_post_title_background_color":"","ocean_post_title_background":0,"ocean_post_title_bg_image_position":"","ocean_post_title_bg_image_attachment":"","ocean_post_title_bg_image_repeat":"","ocean_post_title_bg_image_size":"","ocean_post_title_height":0,"ocean_post_title_bg_overlay":0.5,"ocean_post_title_bg_overlay_color":"","ocean_disable_breadcrumbs":"default","ocean_breadcrumbs_color":"","ocean_breadcrumbs_separator_color":"","ocean_breadcrumbs_links_color":"","ocean_breadcrumbs_links_hover_color":"","ocean_display_footer_widgets":"default","ocean_display_footer_bottom":"default","ocean_custom_footer_template":"0","omw_enable_modal_window":"enable","footnotes":""},"class_list":["post-3846","page","type-page","status-publish","hentry","entry"],"yoast_head":"<!-- This site is optimized with the Yoast SEO plugin v27.4 - https:\/\/yoast.com\/product\/yoast-seo-wordpress\/ -->\n<title>Configuraci\u00f3n APN M\u00f3vil - Dragonet Comunicaciones<\/title>\n<meta name=\"description\" content=\"Configuraci\u00f3n APN - Accede para ver la configuraci\u00f3n que necesitas en tu l\u00ednea m\u00f3vil de Dragonet para comenzar a utilizar tus datos m\u00f3viles.\" \/>\n<meta name=\"robots\" content=\"index, follow, max-snippet:-1, max-image-preview:large, max-video-preview:-1\" \/>\n<link rel=\"canonical\" href=\"https:\/\/www.dragonet.es\/en\/configuracion-apn-movil\/\" \/>\n<meta property=\"og:locale\" content=\"en_GB\" \/>\n<meta property=\"og:type\" content=\"article\" \/>\n<meta property=\"og:title\" content=\"Configuraci\u00f3n APN M\u00f3vil - Dragonet Comunicaciones\" \/>\n<meta property=\"og:description\" content=\"Configuraci\u00f3n APN - Accede para ver la configuraci\u00f3n que necesitas en tu l\u00ednea m\u00f3vil de Dragonet para comenzar a utilizar tus datos m\u00f3viles.\" \/>\n<meta property=\"og:url\" content=\"https:\/\/www.dragonet.es\/en\/configuracion-apn-movil\/\" \/>\n<meta property=\"og:site_name\" content=\"Dragonet Comunicaciones\" \/>\n<meta property=\"article:publisher\" content=\"https:\/\/www.facebook.com\/dragonetcomunicaciones\/\" \/>\n<meta property=\"article:modified_time\" content=\"2024-11-05T17:35:23+00:00\" \/>\n<meta property=\"og:image\" content=\"https:\/\/www.dragonet.es\/wp-content\/uploads\/2024\/07\/cropped-Logo-Dragonet-1.jpg\" \/>\n\t<meta property=\"og:image:width\" content=\"512\" \/>\n\t<meta property=\"og:image:height\" content=\"512\" \/>\n\t<meta property=\"og:image:type\" content=\"image\/jpeg\" \/>\n<meta name=\"twitter:card\" content=\"summary_large_image\" \/>\n<meta name=\"twitter:site\" content=\"@_Dragonet\" \/>\n<meta name=\"twitter:label1\" content=\"Estimated reading time\" \/>\n\t<meta name=\"twitter:data1\" content=\"2 minutes\" \/>\n<script type=\"application\/ld+json\" class=\"yoast-schema-graph\">{\"@context\":\"https:\\\/\\\/schema.org\",\"@graph\":[{\"@type\":\"WebPage\",\"@id\":\"https:\\\/\\\/www.dragonet.es\\\/configuracion-apn-movil\",\"url\":\"https:\\\/\\\/www.dragonet.es\\\/configuracion-apn-movil\",\"name\":\"Configuraci\u00f3n APN M\u00f3vil - Dragonet Comunicaciones\",\"isPartOf\":{\"@id\":\"https:\\\/\\\/www.dragonet.es\\\/en\\\/#website\"},\"datePublished\":\"2023-03-23T09:16:22+00:00\",\"dateModified\":\"2024-11-05T17:35:23+00:00\",\"description\":\"Configuraci\u00f3n APN - Accede para ver la configuraci\u00f3n que necesitas en tu l\u00ednea m\u00f3vil de Dragonet para comenzar a utilizar tus datos m\u00f3viles.\",\"breadcrumb\":{\"@id\":\"https:\\\/\\\/www.dragonet.es\\\/configuracion-apn-movil#breadcrumb\"},\"inLanguage\":\"en-GB\",\"potentialAction\":[{\"@type\":\"ReadAction\",\"target\":[\"https:\\\/\\\/www.dragonet.es\\\/configuracion-apn-movil\"]}]},{\"@type\":\"BreadcrumbList\",\"@id\":\"https:\\\/\\\/www.dragonet.es\\\/configuracion-apn-movil#breadcrumb\",\"itemListElement\":[{\"@type\":\"ListItem\",\"position\":1,\"name\":\"Portada\",\"item\":\"https:\\\/\\\/www.dragonet.es\\\/\"},{\"@type\":\"ListItem\",\"position\":2,\"name\":\"Configuraci\u00f3n APN M\u00f3vil\"}]},{\"@type\":\"WebSite\",\"@id\":\"https:\\\/\\\/www.dragonet.es\\\/en\\\/#website\",\"url\":\"https:\\\/\\\/www.dragonet.es\\\/en\\\/\",\"name\":\"Dragonet Comunicaciones\",\"description\":\"| El Operador l\u00edder de la Marina Baixa\",\"publisher\":{\"@id\":\"https:\\\/\\\/www.dragonet.es\\\/en\\\/#organization\"},\"potentialAction\":[{\"@type\":\"SearchAction\",\"target\":{\"@type\":\"EntryPoint\",\"urlTemplate\":\"https:\\\/\\\/www.dragonet.es\\\/en\\\/?s={search_term_string}\"},\"query-input\":{\"@type\":\"PropertyValueSpecification\",\"valueRequired\":true,\"valueName\":\"search_term_string\"}}],\"inLanguage\":\"en-GB\"},{\"@type\":\"Organization\",\"@id\":\"https:\\\/\\\/www.dragonet.es\\\/en\\\/#organization\",\"name\":\"Dragonet Comunicaciones\",\"url\":\"https:\\\/\\\/www.dragonet.es\\\/en\\\/\",\"logo\":{\"@type\":\"ImageObject\",\"inLanguage\":\"en-GB\",\"@id\":\"https:\\\/\\\/www.dragonet.es\\\/en\\\/#\\\/schema\\\/logo\\\/image\\\/\",\"url\":\"https:\\\/\\\/www.dragonet.es\\\/wp-content\\\/uploads\\\/2024\\\/07\\\/cropped-Logo-Dragonet-1.jpg\",\"contentUrl\":\"https:\\\/\\\/www.dragonet.es\\\/wp-content\\\/uploads\\\/2024\\\/07\\\/cropped-Logo-Dragonet-1.jpg\",\"width\":512,\"height\":512,\"caption\":\"Dragonet Comunicaciones\"},\"image\":{\"@id\":\"https:\\\/\\\/www.dragonet.es\\\/en\\\/#\\\/schema\\\/logo\\\/image\\\/\"},\"sameAs\":[\"https:\\\/\\\/www.facebook.com\\\/dragonetcomunicaciones\\\/\",\"https:\\\/\\\/x.com\\\/_Dragonet\",\"https:\\\/\\\/www.instagram.com\\\/dragonet.comunicaciones\\\/?hl=es\"]}]}<\/script>\n<!-- \/ Yoast SEO plugin. -->","yoast_head_json":{"title":"Configuraci\u00f3n APN M\u00f3vil - Dragonet Comunicaciones","description":"Configuraci\u00f3n APN - Accede para ver la configuraci\u00f3n que necesitas en tu l\u00ednea m\u00f3vil de Dragonet para comenzar a utilizar tus datos m\u00f3viles.","robots":{"index":"index","follow":"follow","max-snippet":"max-snippet:-1","max-image-preview":"max-image-preview:large","max-video-preview":"max-video-preview:-1"},"canonical":"https:\/\/www.dragonet.es\/en\/configuracion-apn-movil\/","og_locale":"en_GB","og_type":"article","og_title":"Configuraci\u00f3n APN M\u00f3vil - Dragonet Comunicaciones","og_description":"Configuraci\u00f3n APN - Accede para ver la configuraci\u00f3n que necesitas en tu l\u00ednea m\u00f3vil de Dragonet para comenzar a utilizar tus datos m\u00f3viles.","og_url":"https:\/\/www.dragonet.es\/en\/configuracion-apn-movil\/","og_site_name":"Dragonet Comunicaciones","article_publisher":"https:\/\/www.facebook.com\/dragonetcomunicaciones\/","article_modified_time":"2024-11-05T17:35:23+00:00","og_image":[{"width":512,"height":512,"url":"https:\/\/www.dragonet.es\/wp-content\/uploads\/2024\/07\/cropped-Logo-Dragonet-1.jpg","type":"image\/jpeg"}],"twitter_card":"summary_large_image","twitter_site":"@_Dragonet","twitter_misc":{"Estimated reading time":"2 minutes"},"schema":{"@context":"https:\/\/schema.org","@graph":[{"@type":"WebPage","@id":"https:\/\/www.dragonet.es\/configuracion-apn-movil","url":"https:\/\/www.dragonet.es\/configuracion-apn-movil","name":"Configuraci\u00f3n APN M\u00f3vil - Dragonet Comunicaciones","isPartOf":{"@id":"https:\/\/www.dragonet.es\/en\/#website"},"datePublished":"2023-03-23T09:16:22+00:00","dateModified":"2024-11-05T17:35:23+00:00","description":"Configuraci\u00f3n APN - Accede para ver la configuraci\u00f3n que necesitas en tu l\u00ednea m\u00f3vil de Dragonet para comenzar a utilizar tus datos m\u00f3viles.","breadcrumb":{"@id":"https:\/\/www.dragonet.es\/configuracion-apn-movil#breadcrumb"},"inLanguage":"en-GB","potentialAction":[{"@type":"ReadAction","target":["https:\/\/www.dragonet.es\/configuracion-apn-movil"]}]},{"@type":"BreadcrumbList","@id":"https:\/\/www.dragonet.es\/configuracion-apn-movil#breadcrumb","itemListElement":[{"@type":"ListItem","position":1,"name":"Portada","item":"https:\/\/www.dragonet.es\/"},{"@type":"ListItem","position":2,"name":"Configuraci\u00f3n APN M\u00f3vil"}]},{"@type":"WebSite","@id":"https:\/\/www.dragonet.es\/en\/#website","url":"https:\/\/www.dragonet.es\/en\/","name":"Dragonet Comunicaciones","description":"| El Operador l\u00edder de la Marina Baixa","publisher":{"@id":"https:\/\/www.dragonet.es\/en\/#organization"},"potentialAction":[{"@type":"SearchAction","target":{"@type":"EntryPoint","urlTemplate":"https:\/\/www.dragonet.es\/en\/?s={search_term_string}"},"query-input":{"@type":"PropertyValueSpecification","valueRequired":true,"valueName":"search_term_string"}}],"inLanguage":"en-GB"},{"@type":"Organization","@id":"https:\/\/www.dragonet.es\/en\/#organization","name":"Dragonet Comunicaciones","url":"https:\/\/www.dragonet.es\/en\/","logo":{"@type":"ImageObject","inLanguage":"en-GB","@id":"https:\/\/www.dragonet.es\/en\/#\/schema\/logo\/image\/","url":"https:\/\/www.dragonet.es\/wp-content\/uploads\/2024\/07\/cropped-Logo-Dragonet-1.jpg","contentUrl":"https:\/\/www.dragonet.es\/wp-content\/uploads\/2024\/07\/cropped-Logo-Dragonet-1.jpg","width":512,"height":512,"caption":"Dragonet Comunicaciones"},"image":{"@id":"https:\/\/www.dragonet.es\/en\/#\/schema\/logo\/image\/"},"sameAs":["https:\/\/www.facebook.com\/dragonetcomunicaciones\/","https:\/\/x.com\/_Dragonet","https:\/\/www.instagram.com\/dragonet.comunicaciones\/?hl=es"]}]}},"_links":{"self":[{"href":"https:\/\/www.dragonet.es\/en\/wp-json\/wp\/v2\/pages\/3846","targetHints":{"allow":["GET"]}}],"collection":[{"href":"https:\/\/www.dragonet.es\/en\/wp-json\/wp\/v2\/pages"}],"about":[{"href":"https:\/\/www.dragonet.es\/en\/wp-json\/wp\/v2\/types\/page"}],"author":[{"embeddable":true,"href":"https:\/\/www.dragonet.es\/en\/wp-json\/wp\/v2\/users\/1"}],"replies":[{"embeddable":true,"href":"https:\/\/www.dragonet.es\/en\/wp-json\/wp\/v2\/comments?post=3846"}],"version-history":[{"count":176,"href":"https:\/\/www.dragonet.es\/en\/wp-json\/wp\/v2\/pages\/3846\/revisions"}],"predecessor-version":[{"id":6636,"href":"https:\/\/www.dragonet.es\/en\/wp-json\/wp\/v2\/pages\/3846\/revisions\/6636"}],"wp:attachment":[{"href":"https:\/\/www.dragonet.es\/en\/wp-json\/wp\/v2\/media?parent=3846"}],"curies":[{"name":"wp","href":"https:\/\/api.w.org\/{rel}","templated":true}]}}