{"id":3561,"date":"2023-03-07T17:37:14","date_gmt":"2023-03-07T17:37:14","guid":{"rendered":"https:\/\/new.dragonet.es\/?page_id=3561"},"modified":"2026-01-14T17:32:27","modified_gmt":"2026-01-14T17:32:27","slug":"sobre-dragonet","status":"publish","type":"page","link":"https:\/\/www.dragonet.es\/en\/sobre-dragonet","title":{"rendered":"Sobre Dragonet"},"content":{"rendered":"<div data-elementor-type=\"wp-page\" data-elementor-id=\"3561\" class=\"elementor elementor-3561\" data-elementor-post-type=\"page\">\n\t\t\t\t\t\t<section class=\"elementor-section elementor-top-section elementor-element elementor-element-4544526f elementor-section-boxed elementor-section-height-default elementor-section-height-default\" data-id=\"4544526f\" data-element_type=\"section\" data-e-type=\"section\">\n\t\t\t\t\t\t<div class=\"elementor-container elementor-column-gap-default\">\n\t\t\t\t\t<div class=\"elementor-column elementor-col-100 elementor-top-column elementor-element elementor-element-47e6abd4\" data-id=\"47e6abd4\" data-element_type=\"column\" data-e-type=\"column\">\n\t\t\t<div class=\"elementor-widget-wrap elementor-element-populated\">\n\t\t\t\t\t\t<div class=\"elementor-element elementor-element-1e027d9d elementor-widget elementor-widget-text-editor\" data-id=\"1e027d9d\" data-element_type=\"widget\" data-e-type=\"widget\" data-widget_type=\"text-editor.default\">\n\t\t\t\t<div class=\"elementor-widget-container\">\n\t\t\t\t\t\t\t\t\t\n<h2 class=\"wp-block-heading\"><\/h2>\n\t\t\t\t\t\t\t\t<\/div>\n\t\t\t\t<\/div>\n\t\t\t\t\t<\/div>\n\t\t<\/div>\n\t\t\t\t\t<\/div>\n\t\t<\/section>\n\t\t\t\t<section class=\"elementor-section elementor-top-section elementor-element elementor-element-7e9e7a4 elementor-section-boxed elementor-section-height-default elementor-section-height-default\" data-id=\"7e9e7a4\" data-element_type=\"section\" data-e-type=\"section\">\n\t\t\t\t\t\t<div class=\"elementor-container elementor-column-gap-default\">\n\t\t\t\t\t<div class=\"elementor-column elementor-col-100 elementor-top-column elementor-element elementor-element-a288b7a\" data-id=\"a288b7a\" data-element_type=\"column\" data-e-type=\"column\">\n\t\t\t<div class=\"elementor-widget-wrap elementor-element-populated\">\n\t\t\t\t\t\t<div class=\"elementor-element elementor-element-6525b6b elementor-widget elementor-widget-spacer\" data-id=\"6525b6b\" data-element_type=\"widget\" data-e-type=\"widget\" data-widget_type=\"spacer.default\">\n\t\t\t\t<div class=\"elementor-widget-container\">\n\t\t\t\t\t\t\t<div class=\"elementor-spacer\">\n\t\t\t<div class=\"elementor-spacer-inner\"><\/div>\n\t\t<\/div>\n\t\t\t\t\t\t<\/div>\n\t\t\t\t<\/div>\n\t\t\t\t\t<\/div>\n\t\t<\/div>\n\t\t\t\t\t<\/div>\n\t\t<\/section>\n\t\t\t\t<section class=\"elementor-section elementor-top-section elementor-element elementor-element-ccfe184 elementor-section-boxed elementor-section-height-default elementor-section-height-default\" data-id=\"ccfe184\" data-element_type=\"section\" data-e-type=\"section\">\n\t\t\t\t\t\t<div class=\"elementor-container elementor-column-gap-default\">\n\t\t\t\t\t<div class=\"elementor-column elementor-col-100 elementor-top-column elementor-element elementor-element-e2284bd\" data-id=\"e2284bd\" data-element_type=\"column\" data-e-type=\"column\">\n\t\t\t<div class=\"elementor-widget-wrap elementor-element-populated\">\n\t\t\t\t\t\t<div class=\"elementor-element elementor-element-1142cc6 elementor-headline--style-highlight elementor-widget elementor-widget-animated-headline\" data-id=\"1142cc6\" data-element_type=\"widget\" data-e-type=\"widget\" data-settings=\"{&quot;marker&quot;:&quot;underline&quot;,&quot;highlighted_text&quot;:&quot;CON\\u00d3CENOS&quot;,&quot;headline_style&quot;:&quot;highlight&quot;,&quot;loop&quot;:&quot;yes&quot;,&quot;highlight_animation_duration&quot;:1200,&quot;highlight_iteration_delay&quot;:8000}\" data-widget_type=\"animated-headline.default\">\n\t\t\t\t<div class=\"elementor-widget-container\">\n\t\t\t\t\t\t\t<h3 class=\"elementor-headline\">\n\t\t\t\t<span class=\"elementor-headline-dynamic-wrapper elementor-headline-text-wrapper\">\n\t\t\t\t\t<span class=\"elementor-headline-dynamic-text elementor-headline-text-active\">MEET US<\/span>\n\t\t\t\t<\/span>\n\t\t\t\t<\/h3>\n\t\t\t\t\t\t<\/div>\n\t\t\t\t<\/div>\n\t\t\t\t\t<\/div>\n\t\t<\/div>\n\t\t\t\t\t<\/div>\n\t\t<\/section>\n\t\t\t\t<section class=\"elementor-section elementor-top-section elementor-element elementor-element-397eb2e elementor-section-boxed elementor-section-height-default elementor-section-height-default\" data-id=\"397eb2e\" data-element_type=\"section\" data-e-type=\"section\">\n\t\t\t\t\t\t<div class=\"elementor-container elementor-column-gap-default\">\n\t\t\t\t\t<div class=\"elementor-column elementor-col-100 elementor-top-column elementor-element elementor-element-94ef401\" data-id=\"94ef401\" data-element_type=\"column\" data-e-type=\"column\">\n\t\t\t<div class=\"elementor-widget-wrap\">\n\t\t\t\t\t\t\t<\/div>\n\t\t<\/div>\n\t\t\t\t\t<\/div>\n\t\t<\/section>\n\t\t\t\t<section class=\"elementor-section elementor-top-section elementor-element elementor-element-bdc00eb elementor-section-boxed elementor-section-height-default elementor-section-height-default\" data-id=\"bdc00eb\" data-element_type=\"section\" data-e-type=\"section\">\n\t\t\t\t\t\t<div class=\"elementor-container elementor-column-gap-default\">\n\t\t\t\t\t<div class=\"elementor-column elementor-col-100 elementor-top-column elementor-element elementor-element-109546c\" data-id=\"109546c\" data-element_type=\"column\" data-e-type=\"column\">\n\t\t\t<div class=\"elementor-widget-wrap elementor-element-populated\">\n\t\t\t\t\t\t<div class=\"elementor-element elementor-element-d36bf58 elementor-widget elementor-widget-heading\" data-id=\"d36bf58\" data-element_type=\"widget\" data-e-type=\"widget\" data-widget_type=\"heading.default\">\n\t\t\t\t<div class=\"elementor-widget-container\">\n\t\t\t\t\t<h1 class=\"elementor-heading-title elementor-size-default\">MEET DRAGONET COMUNICACIONES!<\/h1>\t\t\t\t<\/div>\n\t\t\t\t<\/div>\n\t\t\t\t\t<\/div>\n\t\t<\/div>\n\t\t\t\t\t<\/div>\n\t\t<\/section>\n\t\t\t\t<section class=\"elementor-section elementor-top-section elementor-element elementor-element-69081d7 elementor-section-boxed elementor-section-height-default elementor-section-height-default\" data-id=\"69081d7\" data-element_type=\"section\" data-e-type=\"section\">\n\t\t\t\t\t\t<div class=\"elementor-container elementor-column-gap-default\">\n\t\t\t\t\t<div class=\"elementor-column elementor-col-100 elementor-top-column elementor-element elementor-element-35c98c4\" data-id=\"35c98c4\" data-element_type=\"column\" data-e-type=\"column\">\n\t\t\t<div class=\"elementor-widget-wrap elementor-element-populated\">\n\t\t\t\t\t\t<div class=\"elementor-element elementor-element-83e0c8e elementor-widget elementor-widget-heading\" data-id=\"83e0c8e\" data-element_type=\"widget\" data-e-type=\"widget\" data-widget_type=\"heading.default\">\n\t\t\t\t<div class=\"elementor-widget-container\">\n\t\t\t\t\t<h3 class=\"elementor-heading-title elementor-size-default\">Dragonet Comunicaciones es una empresa proveedora de servicios de conectividad de telecomunicaciones a la zona de la Marina Baixa de Alicante, adem\u00e1s de servicios de Hosting y Housing a todo el pa\u00eds. Cuenta con 30 a\u00f1os de experiencia y es el operador l\u00edder en la Marina Baixa. Adem\u00e1s, Dragonet Comunicaciones fue premiado con el premio Jovempa a la Empresa Innovadora de L\u2019 Alf\u00e0s. \n<br>\n<br>\n\nDragonet is a company in the process of growth, which is why more and more locations have our Internet, landline, mobile and TV services. Currently they are: El Albir, Alfaz del Pi, Altea, Benidorm, Calpe, La Nuc\u00eda, Polop, Callosa d' in Sarri\u00e0 and Altea.<br>\n<br>\nWe offer a totally independent service, because we have our own infrastructures throughout our coverage area (own and independent Fiber and Wifi network, constantly expanding to more and more locations). It is a service of great speed and quality, and at the best price on the market!\n<br>\n<br>\n\nDragonet Comunicaciones lo formamos un equipo con gran trayectoria al contar con m\u00e1s de 30 a\u00f1os de experiencia. Somos conscientes de los continuos y muy r\u00e1pidos avances que se dan lugar en esta \u00e1rea de las telecomunicaciones como proveedores de Internet. Por ello, siempre nos encontramos en constante evoluci\u00f3n, desarrollo e investigaci\u00f3n.\n<br>\n<br>\nWhat characterizes us? Our professionalism, seriousness and fulfill what we say. Closeness and customer service that are part of Dragonet's DNA. And permanent and fully accessible technical advice. You will have a quick and accurate response from our professional technicians to any query.\n\n<\/h3>\t\t\t\t<\/div>\n\t\t\t\t<\/div>\n\t\t\t\t\t<\/div>\n\t\t<\/div>\n\t\t\t\t\t<\/div>\n\t\t<\/section>\n\t\t\t\t<section class=\"elementor-section elementor-top-section elementor-element elementor-element-dea9648 elementor-section-boxed elementor-section-height-default elementor-section-height-default\" data-id=\"dea9648\" data-element_type=\"section\" data-e-type=\"section\">\n\t\t\t\t\t\t<div class=\"elementor-container elementor-column-gap-default\">\n\t\t\t\t\t<div class=\"elementor-column elementor-col-100 elementor-top-column elementor-element elementor-element-33ccf8f\" data-id=\"33ccf8f\" data-element_type=\"column\" data-e-type=\"column\">\n\t\t\t<div class=\"elementor-widget-wrap elementor-element-populated\">\n\t\t\t\t\t\t<div class=\"elementor-element elementor-element-16d5017 elementor-widget__width-inherit elementor-absolute elementor-widget elementor-widget-spacer\" data-id=\"16d5017\" data-element_type=\"widget\" data-e-type=\"widget\" data-settings=\"{&quot;_position&quot;:&quot;absolute&quot;}\" data-widget_type=\"spacer.default\">\n\t\t\t\t<div class=\"elementor-widget-container\">\n\t\t\t\t\t\t\t<div class=\"elementor-spacer\">\n\t\t\t<div class=\"elementor-spacer-inner\"><\/div>\n\t\t<\/div>\n\t\t\t\t\t\t<\/div>\n\t\t\t\t<\/div>\n\t\t\t\t\t<\/div>\n\t\t<\/div>\n\t\t\t\t\t<\/div>\n\t\t<\/section>\n\t\t\t\t<\/div>","protected":false},"excerpt":{"rendered":"<p>CON\u00d3CENOS \u00a1CONOCE A DRAGONET COMUNICACIONES! Dragonet Comunicaciones es una empresa proveedora de servicios de conectividad de telecomunicaciones a la zona de la Marina Baixa de Alicante, adem\u00e1s de servicios de Hosting y Housing a todo el pa\u00eds. Cuenta con 30 a\u00f1os de experiencia y es el operador l\u00edder en la Marina Baixa. Adem\u00e1s, Dragonet Comunicaciones [&hellip;]<\/p>\n","protected":false},"author":1,"featured_media":0,"parent":0,"menu_order":0,"comment_status":"closed","ping_status":"closed","template":"","meta":{"_crdt_document":"","ocean_post_layout":"","ocean_both_sidebars_style":"","ocean_both_sidebars_content_width":0,"ocean_both_sidebars_sidebars_width":0,"ocean_sidebar":"0","ocean_second_sidebar":"0","ocean_disable_margins":"enable","ocean_add_body_class":"","ocean_shortcode_before_top_bar":"","ocean_shortcode_after_top_bar":"","ocean_shortcode_before_header":"","ocean_shortcode_after_header":"","ocean_has_shortcode":"","ocean_shortcode_after_title":"","ocean_shortcode_before_footer_widgets":"","ocean_shortcode_after_footer_widgets":"","ocean_shortcode_before_footer_bottom":"","ocean_shortcode_after_footer_bottom":"","ocean_display_top_bar":"default","ocean_display_header":"default","ocean_header_style":"","ocean_center_header_left_menu":"0","ocean_custom_header_template":"0","ocean_custom_logo":0,"ocean_custom_retina_logo":0,"ocean_custom_logo_max_width":0,"ocean_custom_logo_tablet_max_width":0,"ocean_custom_logo_mobile_max_width":0,"ocean_custom_logo_max_height":0,"ocean_custom_logo_tablet_max_height":0,"ocean_custom_logo_mobile_max_height":0,"ocean_header_custom_menu":"0","ocean_menu_typo_font_family":"0","ocean_menu_typo_font_subset":"","ocean_menu_typo_font_size":0,"ocean_menu_typo_font_size_tablet":0,"ocean_menu_typo_font_size_mobile":0,"ocean_menu_typo_font_size_unit":"px","ocean_menu_typo_font_weight":"","ocean_menu_typo_font_weight_tablet":"","ocean_menu_typo_font_weight_mobile":"","ocean_menu_typo_transform":"","ocean_menu_typo_transform_tablet":"","ocean_menu_typo_transform_mobile":"","ocean_menu_typo_line_height":0,"ocean_menu_typo_line_height_tablet":0,"ocean_menu_typo_line_height_mobile":0,"ocean_menu_typo_line_height_unit":"","ocean_menu_typo_spacing":0,"ocean_menu_typo_spacing_tablet":0,"ocean_menu_typo_spacing_mobile":0,"ocean_menu_typo_spacing_unit":"","ocean_menu_link_color":"","ocean_menu_link_color_hover":"","ocean_menu_link_color_active":"","ocean_menu_link_background":"","ocean_menu_link_hover_background":"","ocean_menu_link_active_background":"","ocean_menu_social_links_bg":"","ocean_menu_social_hover_links_bg":"","ocean_menu_social_links_color":"","ocean_menu_social_hover_links_color":"","ocean_disable_title":"default","ocean_disable_heading":"default","ocean_post_title":"","ocean_post_subheading":"","ocean_post_title_style":"","ocean_post_title_background_color":"","ocean_post_title_background":0,"ocean_post_title_bg_image_position":"","ocean_post_title_bg_image_attachment":"","ocean_post_title_bg_image_repeat":"","ocean_post_title_bg_image_size":"","ocean_post_title_height":0,"ocean_post_title_bg_overlay":0.5,"ocean_post_title_bg_overlay_color":"","ocean_disable_breadcrumbs":"default","ocean_breadcrumbs_color":"","ocean_breadcrumbs_separator_color":"","ocean_breadcrumbs_links_color":"","ocean_breadcrumbs_links_hover_color":"","ocean_display_footer_widgets":"default","ocean_display_footer_bottom":"default","ocean_custom_footer_template":"0","omw_enable_modal_window":"enable","footnotes":""},"class_list":["post-3561","page","type-page","status-publish","hentry","entry"],"yoast_head":"<!-- This site is optimized with the Yoast SEO plugin v27.4 - https:\/\/yoast.com\/product\/yoast-seo-wordpress\/ -->\n<title>Sobre Dragonet - Dragonet Comunicaciones<\/title>\n<meta name=\"description\" content=\"Dragonet Comunicaciones \u00b7 Tu operador de confianza de la Marina Baixa \u00b7 Fibra \u00f3ptica \u00b7 M\u00f3vil \u00b7 TV\" \/>\n<meta name=\"robots\" content=\"index, follow, max-snippet:-1, max-image-preview:large, max-video-preview:-1\" \/>\n<link rel=\"canonical\" href=\"https:\/\/www.dragonet.es\/en\/sobre-dragonet\/\" \/>\n<meta property=\"og:locale\" content=\"en_GB\" \/>\n<meta property=\"og:type\" content=\"article\" \/>\n<meta property=\"og:title\" content=\"Sobre Dragonet - Dragonet Comunicaciones\" \/>\n<meta property=\"og:description\" content=\"Dragonet Comunicaciones \u00b7 Tu operador de confianza de la Marina Baixa \u00b7 Fibra \u00f3ptica \u00b7 M\u00f3vil \u00b7 TV\" \/>\n<meta property=\"og:url\" content=\"https:\/\/www.dragonet.es\/en\/sobre-dragonet\/\" \/>\n<meta property=\"og:site_name\" content=\"Dragonet Comunicaciones\" \/>\n<meta property=\"article:publisher\" content=\"https:\/\/www.facebook.com\/dragonetcomunicaciones\/\" \/>\n<meta property=\"article:modified_time\" content=\"2026-01-14T17:32:27+00:00\" \/>\n<meta property=\"og:image\" content=\"https:\/\/www.dragonet.es\/wp-content\/uploads\/2024\/07\/cropped-Logo-Dragonet-1.jpg\" \/>\n\t<meta property=\"og:image:width\" content=\"512\" \/>\n\t<meta property=\"og:image:height\" content=\"512\" \/>\n\t<meta property=\"og:image:type\" content=\"image\/jpeg\" \/>\n<meta name=\"twitter:card\" content=\"summary_large_image\" \/>\n<meta name=\"twitter:site\" content=\"@_Dragonet\" \/>\n<meta name=\"twitter:label1\" content=\"Estimated reading time\" \/>\n\t<meta name=\"twitter:data1\" content=\"2 minutes\" \/>\n<script type=\"application\/ld+json\" class=\"yoast-schema-graph\">{\"@context\":\"https:\\\/\\\/schema.org\",\"@graph\":[{\"@type\":\"WebPage\",\"@id\":\"https:\\\/\\\/www.dragonet.es\\\/sobre-dragonet\",\"url\":\"https:\\\/\\\/www.dragonet.es\\\/sobre-dragonet\",\"name\":\"Sobre Dragonet - Dragonet Comunicaciones\",\"isPartOf\":{\"@id\":\"https:\\\/\\\/www.dragonet.es\\\/en\\\/#website\"},\"datePublished\":\"2023-03-07T17:37:14+00:00\",\"dateModified\":\"2026-01-14T17:32:27+00:00\",\"description\":\"Dragonet Comunicaciones \u00b7 Tu operador de confianza de la Marina Baixa \u00b7 Fibra \u00f3ptica \u00b7 M\u00f3vil \u00b7 TV\",\"breadcrumb\":{\"@id\":\"https:\\\/\\\/www.dragonet.es\\\/sobre-dragonet#breadcrumb\"},\"inLanguage\":\"en-GB\",\"potentialAction\":[{\"@type\":\"ReadAction\",\"target\":[\"https:\\\/\\\/www.dragonet.es\\\/sobre-dragonet\"]}]},{\"@type\":\"BreadcrumbList\",\"@id\":\"https:\\\/\\\/www.dragonet.es\\\/sobre-dragonet#breadcrumb\",\"itemListElement\":[{\"@type\":\"ListItem\",\"position\":1,\"name\":\"Portada\",\"item\":\"https:\\\/\\\/www.dragonet.es\\\/\"},{\"@type\":\"ListItem\",\"position\":2,\"name\":\"Sobre Dragonet\"}]},{\"@type\":\"WebSite\",\"@id\":\"https:\\\/\\\/www.dragonet.es\\\/en\\\/#website\",\"url\":\"https:\\\/\\\/www.dragonet.es\\\/en\\\/\",\"name\":\"Dragonet Comunicaciones\",\"description\":\"| El Operador l\u00edder de la Marina Baixa\",\"publisher\":{\"@id\":\"https:\\\/\\\/www.dragonet.es\\\/en\\\/#organization\"},\"potentialAction\":[{\"@type\":\"SearchAction\",\"target\":{\"@type\":\"EntryPoint\",\"urlTemplate\":\"https:\\\/\\\/www.dragonet.es\\\/en\\\/?s={search_term_string}\"},\"query-input\":{\"@type\":\"PropertyValueSpecification\",\"valueRequired\":true,\"valueName\":\"search_term_string\"}}],\"inLanguage\":\"en-GB\"},{\"@type\":\"Organization\",\"@id\":\"https:\\\/\\\/www.dragonet.es\\\/en\\\/#organization\",\"name\":\"Dragonet Comunicaciones\",\"url\":\"https:\\\/\\\/www.dragonet.es\\\/en\\\/\",\"logo\":{\"@type\":\"ImageObject\",\"inLanguage\":\"en-GB\",\"@id\":\"https:\\\/\\\/www.dragonet.es\\\/en\\\/#\\\/schema\\\/logo\\\/image\\\/\",\"url\":\"https:\\\/\\\/www.dragonet.es\\\/wp-content\\\/uploads\\\/2024\\\/07\\\/cropped-Logo-Dragonet-1.jpg\",\"contentUrl\":\"https:\\\/\\\/www.dragonet.es\\\/wp-content\\\/uploads\\\/2024\\\/07\\\/cropped-Logo-Dragonet-1.jpg\",\"width\":512,\"height\":512,\"caption\":\"Dragonet Comunicaciones\"},\"image\":{\"@id\":\"https:\\\/\\\/www.dragonet.es\\\/en\\\/#\\\/schema\\\/logo\\\/image\\\/\"},\"sameAs\":[\"https:\\\/\\\/www.facebook.com\\\/dragonetcomunicaciones\\\/\",\"https:\\\/\\\/x.com\\\/_Dragonet\",\"https:\\\/\\\/www.instagram.com\\\/dragonet.comunicaciones\\\/?hl=es\"]}]}<\/script>\n<!-- \/ Yoast SEO plugin. -->","yoast_head_json":{"title":"Sobre Dragonet - Dragonet Comunicaciones","description":"Dragonet Comunicaciones \u00b7 Tu operador de confianza de la Marina Baixa \u00b7 Fibra \u00f3ptica \u00b7 M\u00f3vil \u00b7 TV","robots":{"index":"index","follow":"follow","max-snippet":"max-snippet:-1","max-image-preview":"max-image-preview:large","max-video-preview":"max-video-preview:-1"},"canonical":"https:\/\/www.dragonet.es\/en\/sobre-dragonet\/","og_locale":"en_GB","og_type":"article","og_title":"Sobre Dragonet - Dragonet Comunicaciones","og_description":"Dragonet Comunicaciones \u00b7 Tu operador de confianza de la Marina Baixa \u00b7 Fibra \u00f3ptica \u00b7 M\u00f3vil \u00b7 TV","og_url":"https:\/\/www.dragonet.es\/en\/sobre-dragonet\/","og_site_name":"Dragonet Comunicaciones","article_publisher":"https:\/\/www.facebook.com\/dragonetcomunicaciones\/","article_modified_time":"2026-01-14T17:32:27+00:00","og_image":[{"width":512,"height":512,"url":"https:\/\/www.dragonet.es\/wp-content\/uploads\/2024\/07\/cropped-Logo-Dragonet-1.jpg","type":"image\/jpeg"}],"twitter_card":"summary_large_image","twitter_site":"@_Dragonet","twitter_misc":{"Estimated reading time":"2 minutes"},"schema":{"@context":"https:\/\/schema.org","@graph":[{"@type":"WebPage","@id":"https:\/\/www.dragonet.es\/sobre-dragonet","url":"https:\/\/www.dragonet.es\/sobre-dragonet","name":"Sobre Dragonet - Dragonet Comunicaciones","isPartOf":{"@id":"https:\/\/www.dragonet.es\/en\/#website"},"datePublished":"2023-03-07T17:37:14+00:00","dateModified":"2026-01-14T17:32:27+00:00","description":"Dragonet Comunicaciones \u00b7 Tu operador de confianza de la Marina Baixa \u00b7 Fibra \u00f3ptica \u00b7 M\u00f3vil \u00b7 TV","breadcrumb":{"@id":"https:\/\/www.dragonet.es\/sobre-dragonet#breadcrumb"},"inLanguage":"en-GB","potentialAction":[{"@type":"ReadAction","target":["https:\/\/www.dragonet.es\/sobre-dragonet"]}]},{"@type":"BreadcrumbList","@id":"https:\/\/www.dragonet.es\/sobre-dragonet#breadcrumb","itemListElement":[{"@type":"ListItem","position":1,"name":"Portada","item":"https:\/\/www.dragonet.es\/"},{"@type":"ListItem","position":2,"name":"Sobre Dragonet"}]},{"@type":"WebSite","@id":"https:\/\/www.dragonet.es\/en\/#website","url":"https:\/\/www.dragonet.es\/en\/","name":"Dragonet Comunicaciones","description":"| El Operador l\u00edder de la Marina Baixa","publisher":{"@id":"https:\/\/www.dragonet.es\/en\/#organization"},"potentialAction":[{"@type":"SearchAction","target":{"@type":"EntryPoint","urlTemplate":"https:\/\/www.dragonet.es\/en\/?s={search_term_string}"},"query-input":{"@type":"PropertyValueSpecification","valueRequired":true,"valueName":"search_term_string"}}],"inLanguage":"en-GB"},{"@type":"Organization","@id":"https:\/\/www.dragonet.es\/en\/#organization","name":"Dragonet Comunicaciones","url":"https:\/\/www.dragonet.es\/en\/","logo":{"@type":"ImageObject","inLanguage":"en-GB","@id":"https:\/\/www.dragonet.es\/en\/#\/schema\/logo\/image\/","url":"https:\/\/www.dragonet.es\/wp-content\/uploads\/2024\/07\/cropped-Logo-Dragonet-1.jpg","contentUrl":"https:\/\/www.dragonet.es\/wp-content\/uploads\/2024\/07\/cropped-Logo-Dragonet-1.jpg","width":512,"height":512,"caption":"Dragonet Comunicaciones"},"image":{"@id":"https:\/\/www.dragonet.es\/en\/#\/schema\/logo\/image\/"},"sameAs":["https:\/\/www.facebook.com\/dragonetcomunicaciones\/","https:\/\/x.com\/_Dragonet","https:\/\/www.instagram.com\/dragonet.comunicaciones\/?hl=es"]}]}},"_links":{"self":[{"href":"https:\/\/www.dragonet.es\/en\/wp-json\/wp\/v2\/pages\/3561","targetHints":{"allow":["GET"]}}],"collection":[{"href":"https:\/\/www.dragonet.es\/en\/wp-json\/wp\/v2\/pages"}],"about":[{"href":"https:\/\/www.dragonet.es\/en\/wp-json\/wp\/v2\/types\/page"}],"author":[{"embeddable":true,"href":"https:\/\/www.dragonet.es\/en\/wp-json\/wp\/v2\/users\/1"}],"replies":[{"embeddable":true,"href":"https:\/\/www.dragonet.es\/en\/wp-json\/wp\/v2\/comments?post=3561"}],"version-history":[{"count":60,"href":"https:\/\/www.dragonet.es\/en\/wp-json\/wp\/v2\/pages\/3561\/revisions"}],"predecessor-version":[{"id":7816,"href":"https:\/\/www.dragonet.es\/en\/wp-json\/wp\/v2\/pages\/3561\/revisions\/7816"}],"wp:attachment":[{"href":"https:\/\/www.dragonet.es\/en\/wp-json\/wp\/v2\/media?parent=3561"}],"curies":[{"name":"wp","href":"https:\/\/api.w.org\/{rel}","templated":true}]}}